{"id":7,"date":"2021-05-31T19:09:49","date_gmt":"2021-05-31T19:09:49","guid":{"rendered":"https:\/\/limisabs.probiers.at\/?page_id=7"},"modified":"2021-06-14T08:27:58","modified_gmt":"2021-06-14T08:27:58","slug":"schoene-portfolios-fuer-aussergewoehnliche-kreative","status":"publish","type":"page","link":"https:\/\/limisabs.probiers.at\/","title":{"rendered":"Wir n\u00fctzen unser Projekt in OM um auf die kleinen Probleme im Schulalltag aufmerksam zu machen."},"content":{"rendered":"<p>&nbsp;<\/p>\r\n\r\n<p class=\"has-text-align-center\">Es gibt f\u00fcr Sch\u00fclerinnen und Sch\u00fcler kein Erste-Hilfe-Set, das klein genug f\u00fcr jede Tasche, cool genug und noch dazu mit dem wichtigsten gef\u00fcllt ist.<\/p>\r\n\r\n\r\n\r\n<div class=\"wp-block-spacer\" style=\"height: 55px;\" aria-hidden=\"true\">\u00a0<\/div>\r\n\r\n\r\n\r\n<div class=\"wp-block-group alignfull has-background\" style=\"background-color: #e5e9ec;\">\r\n<div class=\"wp-block-group__inner-container is-layout-flow wp-block-group-is-layout-flow\">\r\n<div class=\"wp-block-columns is-layout-flex wp-container-core-columns-is-layout-9d6595d7 wp-block-columns-is-layout-flex\">\r\n<div class=\"wp-block-column is-vertically-aligned-center is-layout-flow wp-block-column-is-layout-flow\">\r\n<h2 class=\"wp-block-heading\">\u00dcber uns<\/h2>\r\n\r\n\r\n\r\n<p>Wir, das sind 4 Sch\u00fclerinnen der Abschlussklasse aus der Landesberufsschule 3 in Salzburg. Auf unserem Gruppenbild sehen Sie links beginnend, Lisa Hofstadler, Sabrina W\u00e4hner, Bleronda Ahmeti und Mirnesa Rahmanovic.<\/p>\r\n\r\n\r\n\r\n<div class=\"wp-block-buttons is-content-justification-left is-layout-flex wp-block-buttons-is-layout-flex\">\r\n<div class=\"wp-block-button is-style-outline is-style-outline--1\"><a class=\"wp-block-button__link no-border-radius\" href=\"https:\/\/limisabs.probiers.at\/index.php\/ueber-uns\/\">\u00dcber uns<\/a><\/div>\r\n<\/div>\r\n\r\n\r\n\r\n<p>&nbsp;<\/p>\r\n<\/div>\r\n\r\n\r\n\r\n<div class=\"wp-block-column is-layout-flow wp-block-column-is-layout-flow\">\r\n<div class=\"wp-block-spacer\" style=\"height: 48px;\" aria-hidden=\"true\">\u00a0<\/div>\r\n\r\n\r\n\r\n<figure class=\"wp-block-image size-large\"><img loading=\"lazy\" decoding=\"async\" class=\"alignnone wp-image-47\" src=\"https:\/\/limisabs.probiers.at\/wp-content\/uploads\/2021\/06\/IMG-20210610-WA0107-e1623398264851.jpg\" alt=\"\" width=\"1920\" height=\"1440\" \/><\/figure>\r\n<\/div>\r\n<\/div>\r\n<\/div>\r\n<\/div>\r\n\r\n\r\n\r\n<div class=\"wp-block-group alignfull\">\r\n<div class=\"wp-block-group__inner-container is-layout-flow wp-block-group-is-layout-flow\">\r\n<div class=\"wp-block-columns are-vertically-aligned-center is-layout-flex wp-container-core-columns-is-layout-9d6595d7 wp-block-columns-is-layout-flex\">\r\n<div class=\"wp-block-column is-vertically-aligned-center is-layout-flow wp-block-column-is-layout-flow\">\r\n<div class=\"wp-block-spacer\" style=\"height: 48px;\" aria-hidden=\"true\">\u00a0<\/div>\r\n\r\n\r\n\r\n<figure class=\"wp-block-image size-large\"><img loading=\"lazy\" decoding=\"async\" class=\"alignnone wp-image-63 size-full\" src=\"https:\/\/limisabs.probiers.at\/wp-content\/uploads\/2021\/06\/DSC6531-2.jpg\" alt=\"\" width=\"2048\" height=\"1365\" srcset=\"https:\/\/limisabs.probiers.at\/wp-content\/uploads\/2021\/06\/DSC6531-2.jpg 2048w, https:\/\/limisabs.probiers.at\/wp-content\/uploads\/2021\/06\/DSC6531-2-300x200.jpg 300w, https:\/\/limisabs.probiers.at\/wp-content\/uploads\/2021\/06\/DSC6531-2-1024x683.jpg 1024w, https:\/\/limisabs.probiers.at\/wp-content\/uploads\/2021\/06\/DSC6531-2-768x512.jpg 768w, https:\/\/limisabs.probiers.at\/wp-content\/uploads\/2021\/06\/DSC6531-2-1536x1024.jpg 1536w, https:\/\/limisabs.probiers.at\/wp-content\/uploads\/2021\/06\/DSC6531-2-2000x1333.jpg 2000w, https:\/\/limisabs.probiers.at\/wp-content\/uploads\/2021\/06\/DSC6531-2-1800x1200.jpg 1800w\" sizes=\"auto, (max-width: 2048px) 100vw, 2048px\" \/><\/figure>\r\n<\/div>\r\n\r\n\r\n\r\n<div class=\"wp-block-column is-vertically-aligned-center is-layout-flow wp-block-column-is-layout-flow\">\r\n<h2 class=\"wp-block-heading\">Unser Produkt LIMISAB\u00b4s first choice<\/h2>\r\n\r\n\r\n\r\n<p>Wir d\u00fcrfen Ihnen unser Erste-Hilfe-Set f\u00fcr Sch\u00fclerinnen und Sch\u00fcler vorstellen. Besagtes Set wird handgefertigt und von uns mit bis zu 8 Artikeln bef\u00fcllt, die jede\/jeder an einem Schultag brauchen k\u00f6nnte. Um unsere Qualit\u00e4tsanspr\u00fcche an das Produkt und das gesamte Projekt verwirklichen zu k\u00f6nnen, haben wir Kooperationen mit der Gemeinde Hallein, WWInterface GmbH, M\u00fcller GmbH und der Salk abgeschlossen.<\/p>\r\n\r\n\r\n\r\n<div class=\"wp-block-buttons is-layout-flex wp-block-buttons-is-layout-flex\">\r\n<div class=\"wp-block-button is-style-outline is-style-outline--2\"><a class=\"wp-block-button__link no-border-radius\" href=\"https:\/\/limisabs.probiers.at\/index.php\/ueber-uns\/produkte\/\">PRODUKTE<\/a><\/div>\r\n<\/div>\r\n<\/div>\r\n<\/div>\r\n<\/div>\r\n<\/div>\r\n\r\n\r\n\r\n<div class=\"wp-block-group alignfull has-black-background-color has-background\">\r\n<div class=\"wp-block-group__inner-container is-layout-flow wp-block-group-is-layout-flow\">\r\n<h2 class=\"has-text-align-center has-white-color has-text-color wp-block-heading\"><strong>Gallery<\/strong><\/h2>\r\n\r\n\r\n\r\n<figure class=\"wp-block-gallery aligncenter columns-3 is-cropped wp-block-gallery-3 is-layout-flex wp-block-gallery-is-layout-flex\">\r\n<ul class=\"blocks-gallery-grid\">\r\n<li class=\"blocks-gallery-item\">\r\n<figure><img loading=\"lazy\" decoding=\"async\" class=\"alignnone wp-image-73 size-full\" src=\"https:\/\/limisabs.probiers.at\/wp-content\/uploads\/2021\/06\/stoff.jpg\" alt=\"\" width=\"1196\" height=\"708\" srcset=\"https:\/\/limisabs.probiers.at\/wp-content\/uploads\/2021\/06\/stoff.jpg 1196w, https:\/\/limisabs.probiers.at\/wp-content\/uploads\/2021\/06\/stoff-300x178.jpg 300w, https:\/\/limisabs.probiers.at\/wp-content\/uploads\/2021\/06\/stoff-1024x606.jpg 1024w, https:\/\/limisabs.probiers.at\/wp-content\/uploads\/2021\/06\/stoff-768x455.jpg 768w\" sizes=\"auto, (max-width: 1196px) 100vw, 1196px\" \/><\/figure>\r\n<\/li>\r\n<li class=\"blocks-gallery-item\">\r\n<figure><img loading=\"lazy\" decoding=\"async\" class=\"alignnone wp-image-72 size-full\" src=\"https:\/\/limisabs.probiers.at\/wp-content\/uploads\/2021\/06\/naehmaschine.jpg\" alt=\"\" width=\"1074\" height=\"794\" srcset=\"https:\/\/limisabs.probiers.at\/wp-content\/uploads\/2021\/06\/naehmaschine.jpg 1074w, https:\/\/limisabs.probiers.at\/wp-content\/uploads\/2021\/06\/naehmaschine-300x222.jpg 300w, https:\/\/limisabs.probiers.at\/wp-content\/uploads\/2021\/06\/naehmaschine-1024x757.jpg 1024w, https:\/\/limisabs.probiers.at\/wp-content\/uploads\/2021\/06\/naehmaschine-768x568.jpg 768w\" sizes=\"auto, (max-width: 1074px) 100vw, 1074px\" \/><\/figure>\r\n<\/li>\r\n<li class=\"blocks-gallery-item\">\r\n<figure><img loading=\"lazy\" decoding=\"async\" class=\"alignnone wp-image-74 size-full\" src=\"https:\/\/limisabs.probiers.at\/wp-content\/uploads\/2021\/06\/produktionskorb.jpg\" alt=\"\" width=\"1077\" height=\"689\" srcset=\"https:\/\/limisabs.probiers.at\/wp-content\/uploads\/2021\/06\/produktionskorb.jpg 1077w, https:\/\/limisabs.probiers.at\/wp-content\/uploads\/2021\/06\/produktionskorb-300x192.jpg 300w, https:\/\/limisabs.probiers.at\/wp-content\/uploads\/2021\/06\/produktionskorb-1024x655.jpg 1024w, https:\/\/limisabs.probiers.at\/wp-content\/uploads\/2021\/06\/produktionskorb-768x491.jpg 768w\" sizes=\"auto, (max-width: 1077px) 100vw, 1077px\" \/><\/figure>\r\n<\/li>\r\n<li class=\"blocks-gallery-item\">\r\n<figure><img loading=\"lazy\" decoding=\"async\" class=\"alignnone wp-image-60 size-full\" src=\"https:\/\/limisabs.probiers.at\/wp-content\/uploads\/2021\/06\/DSC6517-2.jpg\" alt=\"\" width=\"2048\" height=\"1365\" srcset=\"https:\/\/limisabs.probiers.at\/wp-content\/uploads\/2021\/06\/DSC6517-2.jpg 2048w, https:\/\/limisabs.probiers.at\/wp-content\/uploads\/2021\/06\/DSC6517-2-300x200.jpg 300w, https:\/\/limisabs.probiers.at\/wp-content\/uploads\/2021\/06\/DSC6517-2-1024x683.jpg 1024w, https:\/\/limisabs.probiers.at\/wp-content\/uploads\/2021\/06\/DSC6517-2-768x512.jpg 768w, https:\/\/limisabs.probiers.at\/wp-content\/uploads\/2021\/06\/DSC6517-2-1536x1024.jpg 1536w, https:\/\/limisabs.probiers.at\/wp-content\/uploads\/2021\/06\/DSC6517-2-2000x1333.jpg 2000w, https:\/\/limisabs.probiers.at\/wp-content\/uploads\/2021\/06\/DSC6517-2-1800x1200.jpg 1800w\" sizes=\"auto, (max-width: 2048px) 100vw, 2048px\" \/><\/figure>\r\n<\/li>\r\n<li class=\"blocks-gallery-item\">\r\n<figure><img loading=\"lazy\" decoding=\"async\" class=\"alignnone wp-image-61 size-full\" src=\"https:\/\/limisabs.probiers.at\/wp-content\/uploads\/2021\/06\/DSC6521-2.jpg\" alt=\"\" width=\"2048\" height=\"1365\" srcset=\"https:\/\/limisabs.probiers.at\/wp-content\/uploads\/2021\/06\/DSC6521-2.jpg 2048w, https:\/\/limisabs.probiers.at\/wp-content\/uploads\/2021\/06\/DSC6521-2-300x200.jpg 300w, https:\/\/limisabs.probiers.at\/wp-content\/uploads\/2021\/06\/DSC6521-2-1024x683.jpg 1024w, https:\/\/limisabs.probiers.at\/wp-content\/uploads\/2021\/06\/DSC6521-2-768x512.jpg 768w, https:\/\/limisabs.probiers.at\/wp-content\/uploads\/2021\/06\/DSC6521-2-1536x1024.jpg 1536w, https:\/\/limisabs.probiers.at\/wp-content\/uploads\/2021\/06\/DSC6521-2-2000x1333.jpg 2000w, https:\/\/limisabs.probiers.at\/wp-content\/uploads\/2021\/06\/DSC6521-2-1800x1200.jpg 1800w\" sizes=\"auto, (max-width: 2048px) 100vw, 2048px\" \/><\/figure>\r\n<\/li>\r\n<li class=\"blocks-gallery-item\">\r\n<figure><img loading=\"lazy\" decoding=\"async\" class=\"alignnone wp-image-63 size-full\" src=\"https:\/\/limisabs.probiers.at\/wp-content\/uploads\/2021\/06\/DSC6531-2.jpg\" alt=\"\" width=\"2048\" height=\"1365\" srcset=\"https:\/\/limisabs.probiers.at\/wp-content\/uploads\/2021\/06\/DSC6531-2.jpg 2048w, https:\/\/limisabs.probiers.at\/wp-content\/uploads\/2021\/06\/DSC6531-2-300x200.jpg 300w, https:\/\/limisabs.probiers.at\/wp-content\/uploads\/2021\/06\/DSC6531-2-1024x683.jpg 1024w, https:\/\/limisabs.probiers.at\/wp-content\/uploads\/2021\/06\/DSC6531-2-768x512.jpg 768w, https:\/\/limisabs.probiers.at\/wp-content\/uploads\/2021\/06\/DSC6531-2-1536x1024.jpg 1536w, https:\/\/limisabs.probiers.at\/wp-content\/uploads\/2021\/06\/DSC6531-2-2000x1333.jpg 2000w, https:\/\/limisabs.probiers.at\/wp-content\/uploads\/2021\/06\/DSC6531-2-1800x1200.jpg 1800w\" sizes=\"auto, (max-width: 2048px) 100vw, 2048px\" \/><\/figure>\r\n<\/li>\r\n<\/ul>\r\n<\/figure>\r\n<\/div>\r\n<\/div>\r\n\r\n\r\n\r\n<div class=\"wp-block-cover alignfull has-background-dim-40 has-black-background-color has-background-dim has-parallax is-position-center-center\" style=\"background-image: url(&apos;https:\/\/limisabs.probiers.at\/wp-content\/themes\/inspiro\/assets\/images\/StockSnap_89BQZ89TLH.jpg&apos;); min-height: 375px;aspect-ratio:unset;\">\r\n<div class=\"wp-block-cover__inner-container is-layout-flow wp-block-cover-is-layout-flow\">\r\n<p class=\"has-text-align-center has-text-color has-huge-font-size\" style=\"color: #fffffa; line-height: 1.1;\">Wir haben Ihr Interesse geweckt?<\/p>\r\n\r\n\r\n\r\n<p class=\"has-text-align-center\">Melden Sie sich jetzt gleich bei uns und bestellen Sie Ihr LIMISAB\u00b4s first choice.<\/p>\r\n\r\n\r\n\r\n<div class=\"wp-block-spacer\" style=\"height: 39px;\" aria-hidden=\"true\">\u00a0<\/div>\r\n\r\n\r\n\r\n<div class=\"wp-block-buttons is-content-justification-center is-layout-flex wp-block-buttons-is-layout-flex\">\r\n<div class=\"wp-block-button is-style-outline is-style-outline--4\"><a class=\"wp-block-button__link has-white-color has-text-color no-border-radius\" href=\"https:\/\/limisabs.probiers.at\/index.php\/kontakt\/\">kontakt<\/a><\/div>\r\n<\/div>\r\n<\/div>\r\n<\/div>\r\n","protected":false},"excerpt":{"rendered":"<p>&nbsp; Es gibt f\u00fcr Sch\u00fclerinnen und Sch\u00fcler kein Erste-Hilfe-Set, das klein genug f\u00fcr jede Tasche, cool genug und noch dazu mit dem wichtigsten gef\u00fcllt ist. \u00dcber uns Wir, das sind 4 Sch\u00fclerinnen der Abschlussklasse aus der Landesberufsschule 3 in Salzburg. Auf unserem Gruppenbild sehen Sie links beginnend, Lisa Hofstadler, Sabrina W\u00e4hner, Bleronda Ahmeti und Mirnesa &hellip; <\/p>\n<p class=\"link-more\"><a href=\"https:\/\/limisabs.probiers.at\/\" class=\"more-link\">Mehr <span class=\"screen-reader-text\">\u00fcber &#8222;Wir n\u00fctzen unser Projekt in OM um auf die kleinen Probleme im Schulalltag aufmerksam zu machen.&#8220; <\/span>Lesen<\/a><\/p>\n","protected":false},"author":1,"featured_media":0,"parent":0,"menu_order":0,"comment_status":"closed","ping_status":"closed","template":"","meta":{"footnotes":""},"class_list":["post-7","page","type-page","status-publish","hentry"],"_links":{"self":[{"href":"https:\/\/limisabs.probiers.at\/index.php\/wp-json\/wp\/v2\/pages\/7","targetHints":{"allow":["GET"]}}],"collection":[{"href":"https:\/\/limisabs.probiers.at\/index.php\/wp-json\/wp\/v2\/pages"}],"about":[{"href":"https:\/\/limisabs.probiers.at\/index.php\/wp-json\/wp\/v2\/types\/page"}],"author":[{"embeddable":true,"href":"https:\/\/limisabs.probiers.at\/index.php\/wp-json\/wp\/v2\/users\/1"}],"replies":[{"embeddable":true,"href":"https:\/\/limisabs.probiers.at\/index.php\/wp-json\/wp\/v2\/comments?post=7"}],"version-history":[{"count":22,"href":"https:\/\/limisabs.probiers.at\/index.php\/wp-json\/wp\/v2\/pages\/7\/revisions"}],"predecessor-version":[{"id":83,"href":"https:\/\/limisabs.probiers.at\/index.php\/wp-json\/wp\/v2\/pages\/7\/revisions\/83"}],"wp:attachment":[{"href":"https:\/\/limisabs.probiers.at\/index.php\/wp-json\/wp\/v2\/media?parent=7"}],"curies":[{"name":"wp","href":"https:\/\/api.w.org\/{rel}","templated":true}]}}