{"id":8,"date":"2021-05-31T19:09:49","date_gmt":"2021-05-31T19:09:49","guid":{"rendered":"https:\/\/limisabs.probiers.at\/?page_id=8"},"modified":"2021-06-10T22:43:54","modified_gmt":"2021-06-10T22:43:54","slug":"ueber-uns","status":"publish","type":"page","link":"https:\/\/limisabs.probiers.at\/index.php\/ueber-uns\/","title":{"rendered":"\u00dcber uns"},"content":{"rendered":"\r\n<p><strong>Bleronda Ahmeti<\/strong> ist unser Sonnenschein. Sie hat immer einen lustigen Spruch auf den Lippen und mit Ihrer fr\u00f6hlichen Art ist sie immer aufmunternd und motivierend.<\/p>\r\n<p>&nbsp;<\/p>\r\n<p><strong>Lisa Hofstadler<\/strong> ist unser Kreativer Kopf. Mit Ihrem guten Geschmack und Ihren tollen Ideen versch\u00f6nert sie nicht nur unsere Projektarbeiten, sondern hatte auch einen gro\u00dfen Einfluss bei der Entwicklung des Produktes.<\/p>\r\n<p>&nbsp;<\/p>\r\n<p><strong>Mirnesa Rahmanovic<\/strong> ist unsere charakterstarke und liebevolle Besch\u00fctzerin. Sie h\u00e4lt uns als Gruppe zusammen und kann mit Ihrer schnellen Auffassungsgabe alle Ideen ordnen und beh\u00e4lt dabei immer den Roten Faden im Blick.<\/p>\r\n<p>&nbsp;<\/p>\r\n<p><strong>Sabrina W\u00e4hner<\/strong> ist unsere Teamleiterin. Mit Ihrem Netzwerk stellt Sie den Kontakt zu s\u00e4mtlichen Vertragspartnern her und koordiniert die Umsetzung des Projektes.<\/p>\r\n","protected":false},"excerpt":{"rendered":"<p>Bleronda Ahmeti ist unser Sonnenschein. Sie hat immer einen lustigen Spruch auf den Lippen und mit Ihrer fr\u00f6hlichen Art ist sie immer aufmunternd und motivierend. &nbsp; Lisa Hofstadler ist unser Kreativer Kopf. Mit Ihrem guten Geschmack und Ihren tollen Ideen versch\u00f6nert sie nicht nur unsere Projektarbeiten, sondern hatte auch einen gro\u00dfen Einfluss bei der Entwicklung &hellip; <\/p>\n<p class=\"link-more\"><a href=\"https:\/\/limisabs.probiers.at\/index.php\/ueber-uns\/\" class=\"more-link\">Mehr <span class=\"screen-reader-text\">\u00fcber &#8222;\u00dcber uns&#8220; <\/span>Lesen<\/a><\/p>\n","protected":false},"author":1,"featured_media":0,"parent":0,"menu_order":0,"comment_status":"closed","ping_status":"closed","template":"","meta":{"footnotes":""},"class_list":["post-8","page","type-page","status-publish","hentry"],"_links":{"self":[{"href":"https:\/\/limisabs.probiers.at\/index.php\/wp-json\/wp\/v2\/pages\/8","targetHints":{"allow":["GET"]}}],"collection":[{"href":"https:\/\/limisabs.probiers.at\/index.php\/wp-json\/wp\/v2\/pages"}],"about":[{"href":"https:\/\/limisabs.probiers.at\/index.php\/wp-json\/wp\/v2\/types\/page"}],"author":[{"embeddable":true,"href":"https:\/\/limisabs.probiers.at\/index.php\/wp-json\/wp\/v2\/users\/1"}],"replies":[{"embeddable":true,"href":"https:\/\/limisabs.probiers.at\/index.php\/wp-json\/wp\/v2\/comments?post=8"}],"version-history":[{"count":3,"href":"https:\/\/limisabs.probiers.at\/index.php\/wp-json\/wp\/v2\/pages\/8\/revisions"}],"predecessor-version":[{"id":25,"href":"https:\/\/limisabs.probiers.at\/index.php\/wp-json\/wp\/v2\/pages\/8\/revisions\/25"}],"wp:attachment":[{"href":"https:\/\/limisabs.probiers.at\/index.php\/wp-json\/wp\/v2\/media?parent=8"}],"curies":[{"name":"wp","href":"https:\/\/api.w.org\/{rel}","templated":true}]}}